{"id":4308,"date":"2025-08-01T15:54:42","date_gmt":"2025-08-01T21:54:42","guid":{"rendered":"https:\/\/quierememucho.com.mx\/our-history\/"},"modified":"2025-12-03T11:28:20","modified_gmt":"2025-12-03T17:28:20","slug":"our-history","status":"publish","type":"page","link":"https:\/\/quierememucho.com.mx\/en\/our-history\/","title":{"rendered":"Our history"},"content":{"rendered":"\n\n  <div class=\"banner has-hover has-parallax\" id=\"banner-842273430\">\n          <div class=\"banner-inner fill\">\n        <div class=\"banner-bg fill\" data-parallax=\"-3\" data-parallax-container=\".banner\" data-parallax-background>\n            <img decoding=\"async\" width=\"1920\" height=\"1080\" src=\"https:\/\/quierememucho.com.mx\/wp-content\/uploads\/2025\/08\/1920-x-1080-px-33.png\" class=\"bg attachment-original size-original\" alt=\"\" \/>                        <div class=\"overlay\"><\/div>            \n                    <\/div>\n\t\t\n        <div class=\"banner-layers container\">\n            <div class=\"fill banner-link\"><\/div>            \n\n   <div id=\"text-box-1205058390\" class=\"text-box banner-layer x50 md-x95 lg-x95 y50 md-y50 lg-y50 res-text\">\n                     <div data-animate=\"fadeInLeft\">           <div class=\"text-box-content text dark\">\n              \n              <div class=\"text-inner text-center\">\n                  \n\n<h3 class=\"alt-font\">Qui\u00e9reme Mucho<\/h3>\n<h1 class=\"uppercase\"><span style=\"font-size: 75%;\"><strong>Qui\u00e9reme Mucho: ra\u00edces, arte y excelencia<\/strong><\/span><\/h1>\n<p><span style=\"font-size: 130%;\">De la capilla de Juquila a 11 medallas internacionales; as\u00ed se escribe nuestra historia.<\/span><\/p>\n\n              <\/div>\n           <\/div>\n       <\/div>                     \n<style>\n#text-box-1205058390 {\n  width: 80%;\n}\n#text-box-1205058390 .text-box-content {\n  font-size: 100%;\n}\n@media (min-width:550px) {\n  #text-box-1205058390 {\n    width: 46%;\n  }\n}\n<\/style>\n    <\/div>\n \n\n        <\/div>\n      <\/div>\n\n            \n<style>\n#banner-842273430 {\n  padding-top: 729px;\n}\n#banner-842273430 .overlay {\n  background-color: rgba(0, 0, 0, 0.343);\n}\n#banner-842273430 .banner-bg img {\n  object-position: 31% 39%;\n}\n@media (min-width:550px) {\n  #banner-842273430 .overlay {\n    background-color: rgba(0, 0, 0, 0.279);\n  }\n}\n<\/style>\n  <\/div>\n\n\n\n\t<section class=\"section\" id=\"section_1059228060\">\n\t\t<div class=\"section-bg fill\" >\n\t\t\t\t\t\t\t\t\t\n\t\t\t\n\n\t\t<\/div>\n\n\t\t\n\n\t\t<div class=\"section-content relative\">\n\t\t\t\n\n<div class=\"row align-center\"  id=\"row-895757004\">\n\n\n\t<div id=\"col-419854149\" class=\"col medium-10 small-12 large-10\"  >\n\t\t\t\t<div class=\"col-inner text-center\"  >\n\t\t\t\n\t\t\t\n\n<h2 data-start=\"2314\" data-end=\"2353\">Reconocimientos internacionales<\/h2>\n<p  id=\"ai-summary\" data-start=\"2354\" data-end=\"2581\">En 2017, Qui\u00e9reme Mucho obtuvo <strong data-start=\"2385\" data-end=\"2400\">11 medallas<\/strong> en competencias de destilados, logro in\u00e9dito para una marca de mezcal artesanal. Este reconocimiento avala la calidad sensorial de nuestros mezcales y la autenticidad del proyecto.<\/p>\n\n\t<div class=\"img has-hover x md-x lg-x y md-y lg-y\" id=\"image_764342272\">\n\t\t\t\t\t\t\t\t<div class=\"img-inner dark\" >\n\t\t\t<img decoding=\"async\" width=\"1020\" height=\"617\" src=\"https:\/\/quierememucho.com.mx\/wp-content\/uploads\/2025\/08\/medallas2.png\" class=\"attachment-large size-large\" alt=\"\" srcset=\"https:\/\/quierememucho.com.mx\/wp-content\/uploads\/2025\/08\/medallas2.png 1023w, https:\/\/quierememucho.com.mx\/wp-content\/uploads\/2025\/08\/medallas2-1000x605.png 1000w, https:\/\/quierememucho.com.mx\/wp-content\/uploads\/2025\/08\/medallas2-300x182.png 300w, https:\/\/quierememucho.com.mx\/wp-content\/uploads\/2025\/08\/medallas2-768x465.png 768w\" sizes=\"(max-width: 1020px) 100vw, 1020px\" \/>\t\t\t\t\t\t\n\t\t\t\t\t<\/div>\n\t\t\t\t\t\t\t\t\n<style>\n#image_764342272 {\n  width: 100%;\n}\n@media (min-width:550px) {\n  #image_764342272 {\n    width: 57%;\n  }\n}\n<\/style>\n\t<\/div>\n\t\n\n\n\t\t<\/div>\n\t\t\t\t\t<\/div>\n\n\t\n\n<\/div>\n\n\t\t<\/div>\n\n\t\t\n<style>\n#section_1059228060 {\n  padding-top: 60px;\n  padding-bottom: 60px;\n  min-height: 300px;\n  background-color: rgb(255, 255, 255);\n}\n<\/style>\n\t<\/section>\n\t\n\n\t<section class=\"section\" id=\"section_1628324769\">\n\t\t<div class=\"section-bg fill\" >\n\t\t\t\t\t\t\t\t\t\n\t\t\t\n\t<div class=\"is-border\"\n\t\tstyle=\"border-color:rgb(235, 235, 235);border-width:1px 0px 0px 0px;\">\n\t<\/div>\n\n\t\t<\/div>\n\n\t\t\n\n\t\t<div class=\"section-content relative\">\n\t\t\t\n\n<div class=\"row row-large align-middle align-center\"  id=\"row-506872708\">\n\n\n\t<div id=\"col-198195847\" class=\"col medium-6 small-12 large-6\"  >\n\t\t\t\t<div class=\"col-inner box-shadow-2 box-shadow-5-hover\" style=\"background-color:rgb(255, 255, 255);\" >\n\t\t\t\n\t\t\t\n\n\n  <div class=\"banner has-hover has-video\" id=\"banner-235295342\">\n          <div class=\"banner-inner fill\">\n        <div class=\"banner-bg fill\" >\n                        \t<div class=\"video-overlay no-click fill visible\"><\/div>\n\t<video class=\"video-bg fill visible\" preload playsinline autoplay muted loop>\n\t\t<source src=\"https:\/\/quierememucho.com.mx\/wp-content\/uploads\/2025\/08\/VID-20250721-WA0006.mp4\" type=\"video\/mp4\">\t<\/video>\n                        \n                    <\/div>\n\t\t\n        <div class=\"banner-layers container\">\n            <div class=\"fill banner-link\"><\/div>            \n\n   <div id=\"text-box-596678103\" class=\"text-box banner-layer x50 md-x50 lg-x50 y50 md-y50 lg-y50 res-text\">\n                                <div class=\"text-box-content text dark\">\n              \n              <div class=\"text-inner text-center\">\n                  \n\n\n              <\/div>\n           <\/div>\n                            \n<style>\n#text-box-596678103 {\n  width: 60%;\n}\n#text-box-596678103 .text-box-content {\n  font-size: 100%;\n}\n<\/style>\n    <\/div>\n \n\n        <\/div>\n      <\/div>\n\n            \n<style>\n#banner-235295342 {\n  padding-top: 540px;\n}\n@media (min-width:550px) {\n  #banner-235295342 {\n    padding-top: 741px;\n  }\n}\n<\/style>\n  <\/div>\n\n\n\n\t\t<\/div>\n\t\t\t\t\n<style>\n#col-198195847 > .col-inner {\n  padding: 15px 15px 15px 15px;\n}\n<\/style>\n\t<\/div>\n\n\t\n\n\t<div id=\"col-1352682125\" class=\"col medium-6 small-12 large-6\"  >\n\t\t\t\t<div class=\"col-inner text-center dark\"  >\n\t\t\t\n\t\t\t\n\n\t<div id=\"text-620331675\" class=\"text\">\n\t\t\n\n<h2 data-start=\"300\" data-end=\"339\">Origen en la Hacienda Guegorene<\/h2>\n<p data-start=\"340\" data-end=\"755\">La Hacienda Guegorene \u2014construida en el siglo XVII y hoy protegida por 1 075 hect\u00e1reas de biodiversidad\u2014 lleg\u00f3 a la familia Skidmore a comienzos del siglo XX, cuando <strong data-start=\"506\" data-end=\"524\">Frank Skidmore<\/strong> y posteriormente su hijo <strong data-start=\"550\" data-end=\"573\">Charles H. Skidmore<\/strong> adquirieron la propiedad. Desde 1827, la capilla alberga a la Virgen de Juquila y a San Antonio de Padua, s\u00edmbolos de devoci\u00f3n que fortalecen el v\u00ednculo con las comunidades vecinas.<\/p>\n<h2 data-start=\"757\" data-end=\"806\">Un legado familiar de cuatro generaciones<\/h2>\n<p data-start=\"809\" data-end=\"910\"><strong data-start=\"809\" data-end=\"843\">Mar\u00eda Saturnina Jim\u00e9nez Garc\u00eda<\/strong> y <strong data-start=\"846\" data-end=\"869\">Charles H. Skidmore<\/strong> impulsaron la primera etapa mezcalera.<\/p>\n<p data-start=\"913\" data-end=\"1021\"><strong data-start=\"913\" data-end=\"941\">Dolores Skidmore Jim\u00e9nez<\/strong> y <strong data-start=\"944\" data-end=\"971\">Carlos Skidmore Jim\u00e9nez<\/strong> conservaron la hacienda y su vocaci\u00f3n agr\u00edcola.<\/p>\n<p data-start=\"1024\" data-end=\"1254\">Hoy, <strong data-start=\"1029\" data-end=\"1059\">Eduardo Mu\u00f1ozcano Skidmore<\/strong>, bisnieto de Frank, lidera la recuperaci\u00f3n integral del casco hist\u00f3rico y crea la marca <strong data-start=\"1148\" data-end=\"1166\">Qui\u00e9reme Mucho<\/strong>, proyectando la tradici\u00f3n al siglo XXI con visi\u00f3n sustentable y apertura internacional.<\/p>\n\t\t\n<style>\n#text-620331675 {\n  color: rgb(255, 255, 255);\n}\n#text-620331675 > * {\n  color: rgb(255, 255, 255);\n}\n<\/style>\n\t<\/div>\n\t\n\n\t\t<\/div>\n\t\t\t\t\t<\/div>\n\n\t\n\n<\/div>\n\n\t\t<\/div>\n\n\t\t\n<style>\n#section_1628324769 {\n  padding-top: 59px;\n  padding-bottom: 59px;\n  min-height: 300px;\n  background-color: #d26e4b;\n}\n<\/style>\n\t<\/section>\n\t\n<div class=\"row row-collapse row-full-width\"  id=\"row-488014811\">\n\n\n\t<div id=\"col-1632836332\" class=\"col medium-6 small-12 large-6\"  >\n\t\t\t\t<div class=\"col-inner\"  >\n\t\t\t\n\t\t\t\n\n\n  <div class=\"banner has-hover has-video\" id=\"banner-825245831\">\n          <div class=\"banner-inner fill\">\n        <div class=\"banner-bg fill\" >\n                        \t<div class=\"video-overlay no-click fill visible\"><\/div>\n\t<video class=\"video-bg fill visible\" preload playsinline autoplay muted loop>\n\t\t<source src=\"https:\/\/quierememucho.com.mx\/wp-content\/uploads\/2025\/08\/botella5.mp4\" type=\"video\/mp4\">\t<\/video>\n                        \n                    <\/div>\n\t\t\n        <div class=\"banner-layers container\">\n            <div class=\"fill banner-link\"><\/div>            \n\n   <div id=\"text-box-1904852944\" class=\"text-box banner-layer x50 md-x50 lg-x50 y50 md-y50 lg-y50 res-text\">\n                                <div class=\"text-box-content text dark\">\n              \n              <div class=\"text-inner text-center\">\n                  \n\n\n              <\/div>\n           <\/div>\n                            \n<style>\n#text-box-1904852944 {\n  width: 60%;\n}\n#text-box-1904852944 .text-box-content {\n  font-size: 100%;\n}\n@media (min-width:550px) {\n  #text-box-1904852944 {\n    width: 60%;\n  }\n}\n<\/style>\n    <\/div>\n \n\n        <\/div>\n      <\/div>\n\n            \n<style>\n#banner-825245831 {\n  padding-top: 546px;\n  background-color: rgb(0,0,0);\n}\n@media (min-width:550px) {\n  #banner-825245831 {\n    padding-top: 470px;\n  }\n}\n<\/style>\n  <\/div>\n\n\n\n\t\t<\/div>\n\t\t\t\t\t<\/div>\n\n\t\n\n\t<div id=\"col-1354886428\" class=\"col medium-6 small-12 large-6\"  >\n\t\t\t\t<div class=\"col-inner\"  >\n\t\t\t\n\t\t\t\n\n\n  <div class=\"banner has-hover has-parallax\" id=\"banner-247431818\">\n          <div class=\"banner-inner fill\">\n        <div class=\"banner-bg fill\" data-parallax=\"-1\" data-parallax-container=\".banner\" data-parallax-background>\n                                                \n                    <\/div>\n\t\t\n        <div class=\"banner-layers container\">\n            <div class=\"fill banner-link\"><\/div>            \n\n   <div id=\"text-box-663161926\" class=\"text-box banner-layer x10 md-x10 lg-x10 y50 md-y50 lg-y50 res-text\">\n                                <div class=\"text-box-content text \">\n              \n              <div class=\"text-inner text-left\">\n                  \n\n<h2 data-start=\"1256\" data-end=\"1294\">Arte que trasciende la botella<\/h2>\n<p data-start=\"1295\" data-end=\"1620\"><span style=\"font-size: 140%;\">En la cadena de producci\u00f3n participan m\u00e1s de <strong data-start=\"1340\" data-end=\"1356\">120 personas<\/strong>; <strong data-start=\"1358\" data-end=\"1379\">103 son artesanas<\/strong> que transforman el vidrio en lienzo. Cada una firma su obra y plasma alebrijes reinterpretados, evitando la tala de copal y generando ingreso justo para madres de familia de Taviche, Ocotl\u00e1n de Morelos, Arrazola Xoxo y San Mart\u00edn Tilcajete.<\/span><\/p>\n<h2 data-start=\"1622\" data-end=\"1669\">Maestros mezcaleros y oficio centenario<\/h2>\n<p data-start=\"1670\" data-end=\"2044\"><span style=\"font-size: 140%;\">Los maestros <strong data-start=\"1683\" data-end=\"1706\">Wilibardo Rodr\u00edguez<\/strong> y <strong data-start=\"1709\" data-end=\"1725\">H\u00e9ctor G\u00f3mez<\/strong> suman m\u00e1s de 40 a\u00f1os de experiencia. Supervisan la cocci\u00f3n en hornos de piedra, la molienda tradicional, la fermentaci\u00f3n natural y la destilaci\u00f3n en ollas de cobre. Cada lote refleja el micro-terru\u00f1o y la selecci\u00f3n de agaves \u2014Espad\u00edn, Tepeztate, Arroque\u00f1o y otros sembrados para asegurar la continuidad del ecosistema.<\/span><\/p>\n\n              <\/div>\n           <\/div>\n                            \n<style>\n#text-box-663161926 {\n  width: 75%;\n}\n#text-box-663161926 .text-box-content {\n  font-size: 100%;\n}\n@media (min-width:550px) {\n  #text-box-663161926 {\n    width: 49%;\n  }\n}\n<\/style>\n    <\/div>\n \n\n        <\/div>\n      <\/div>\n\n            \n<style>\n#banner-247431818 {\n  padding-top: 790px;\n  background-color: rgb(255, 255, 255);\n}\n@media (min-width:550px) {\n  #banner-247431818 {\n    padding-top: 470px;\n  }\n}\n<\/style>\n  <\/div>\n\n\n\n\t\t<\/div>\n\t\t\t\t\t<\/div>\n\n\t\n\n<\/div>\n\n\t<section class=\"section\" id=\"section_878252871\">\n\t\t<div class=\"section-bg fill\" >\n\t\t\t\t\t\t\t\t\t<div class=\"section-bg-overlay absolute fill\"><\/div>\n\t\t\t\n\t<div class=\"is-border\"\n\t\tstyle=\"border-color:rgb(235, 235, 235);border-width:1px 0px 0px 0px;\">\n\t<\/div>\n\n\t\t<\/div>\n\n\t\t\n\n\t\t<div class=\"section-content relative\">\n\t\t\t\n\n<div class=\"row row-large align-middle align-center\"  id=\"row-1195689621\">\n\n\n\t<div id=\"col-1142523393\" class=\"col medium-6 small-12 large-6\"  >\n\t\t\t\t<div class=\"col-inner text-center dark\"  >\n\t\t\t\n\t\t\t\n\n<h2 data-start=\"2046\" data-end=\"2076\">Compromiso sustentable<\/h2>\n<p data-start=\"2077\" data-end=\"2312\"><span style=\"font-size: 120%;\">La hacienda reforesta magueyes, reutiliza el bagazo como composta y protege la flora y fauna end\u00e9mica. Las cabalgatas entre sabinos y arroyos, junto con programas comunitarios, integran turismo responsable y desarrollo econ\u00f3mico local.<\/span><\/p>\n<h2 data-start=\"2583\" data-end=\"2610\">Misi\u00f3n y proyecci\u00f3n<\/h2>\n<p data-start=\"2611\" data-end=\"2897\"><span style=\"font-size: 120%;\">Preservar la herencia mezcalera de Oaxaca, impulsar a sus comunidades y llevar al mundo un mezcal que combine <strong data-start=\"2721\" data-end=\"2758\">tradici\u00f3n, arte y sustentabilidad<\/strong>. Lo invitamos a descubrir el resultado en nuestra colecci\u00f3n de <a class=\"cursor-pointer\" rel=\"noopener\" data-start=\"2822\" data-end=\"2844\">Mezcales<\/a> y a visitar la hacienda para experimentar el origen.<\/span><\/p>\n\n\t\t<\/div>\n\t\t\t\t\t<\/div>\n\n\t\n\n\t<div id=\"col-2031197452\" class=\"col medium-6 small-12 large-6\"  data-animate=\"flipInY\">\n\t\t\t\t<div class=\"col-inner text-left box-shadow-2 box-shadow-5-hover\" style=\"background-color:rgb(255, 255, 255);\" >\n\t\t\t\n\t\t\t\n\n\n  <div class=\"banner has-hover has-video\" id=\"banner-621206882\">\n          <div class=\"banner-inner fill\">\n        <div class=\"banner-bg fill\" >\n                        \t<div class=\"video-overlay no-click fill visible\"><\/div>\n\t<video class=\"video-bg fill visible\" preload playsinline autoplay muted loop>\n\t\t<source src=\"https:\/\/quierememucho.com.mx\/wp-content\/uploads\/2025\/08\/VID-20250721-WA0007.mp4\" type=\"video\/mp4\">\t<\/video>\n                        \n                    <\/div>\n\t\t\n        <div class=\"banner-layers container\">\n            <div class=\"fill banner-link\"><\/div>            \n\n   <div id=\"text-box-1163590939\" class=\"text-box banner-layer x50 md-x50 lg-x50 y50 md-y50 lg-y50 res-text\">\n                                <div class=\"text-box-content text dark\">\n              \n              <div class=\"text-inner text-center\">\n                  \n\n\n              <\/div>\n           <\/div>\n                            \n<style>\n#text-box-1163590939 {\n  width: 60%;\n}\n#text-box-1163590939 .text-box-content {\n  font-size: 100%;\n}\n<\/style>\n    <\/div>\n \n\n        <\/div>\n      <\/div>\n\n            \n<style>\n#banner-621206882 {\n  padding-top: 500px;\n}\n<\/style>\n  <\/div>\n\n\n\n\t\t<\/div>\n\t\t\t\t\n<style>\n#col-2031197452 > .col-inner {\n  padding: 15px 15px 15px 15px;\n}\n<\/style>\n\t<\/div>\n\n\t\n\n<\/div>\n\n\t\t<\/div>\n\n\t\t\n<style>\n#section_878252871 {\n  padding-top: 59px;\n  padding-bottom: 59px;\n  min-height: 300px;\n  background-color: rgb(171, 171, 171);\n}\n#section_878252871 .section-bg-overlay {\n  background-color: rgba(0, 185, 179, 0.5);\n}\n<\/style>\n\t<\/section>\n\t\n\n\t<section class=\"section\" id=\"section_1098225167\">\n\t\t<div class=\"section-bg fill\" >\n\t\t\t<img decoding=\"async\" width=\"1366\" height=\"768\" src=\"https:\/\/quierememucho.com.mx\/wp-content\/uploads\/2025\/07\/Diseno-sin-titulo-60.png\" class=\"bg attachment-original size-original\" alt=\"\" \/>\t\t\t\t\t\t<div class=\"section-bg-overlay absolute fill\"><\/div>\n\t\t\t\n\n\t\t<\/div>\n\n\t\t\n\n\t\t<div class=\"section-content relative\">\n\t\t\t\n\n<div class=\"row align-center\"  id=\"row-860029431\">\n\n\n\t<div id=\"col-1124940498\" class=\"col medium-10 small-10 large-10\"  >\n\t\t\t\t<div class=\"col-inner text-center\"  >\n\t\t\t\n\t\t\t\n\n\t<div id=\"text-2701493539\" class=\"text\">\n\t\t\n\n<h2 data-start=\"2046\" data-end=\"2076\">Compromiso sustentable<\/h2>\n<p data-start=\"2077\" data-end=\"2312\"><span style=\"font-size: 100%;\">La hacienda reforesta magueyes, reutiliza el bagazo como composta y protege la flora y fauna end\u00e9mica. Las cabalgatas entre sabinos y arroyos, junto con programas comunitarios, integran turismo responsable y desarrollo econ\u00f3mico local.<\/span><\/p>\n\t\t\n<style>\n#text-2701493539 {\n  color: rgb(255, 255, 255);\n}\n#text-2701493539 > * {\n  color: rgb(255, 255, 255);\n}\n<\/style>\n\t<\/div>\n\t\n\n\t\t<\/div>\n\t\t\t\t\t<\/div>\n\n\t\n\n<\/div>\n\n\t\t<\/div>\n\n\t\t\n<style>\n#section_1098225167 {\n  padding-top: 60px;\n  padding-bottom: 60px;\n  min-height: 300px;\n  background-color: rgb(245, 245, 245);\n}\n#section_1098225167 .section-bg-overlay {\n  background-color: rgba(0,0,0,.5);\n}\n@media (min-width:550px) {\n  #section_1098225167 .section-bg-overlay {\n    background-color: rgba(0,0,0,.5);\n  }\n}\n<\/style>\n\t<\/section>\n\t\n\n","protected":false},"excerpt":{"rendered":"","protected":false},"author":1,"featured_media":0,"parent":0,"menu_order":0,"comment_status":"closed","ping_status":"closed","template":"page-transparent-header.php","meta":{"footnotes":""},"class_list":["post-4308","page","type-page","status-publish","hentry"],"jetpack_sharing_enabled":true,"_links":{"self":[{"href":"https:\/\/quierememucho.com.mx\/en\/wp-json\/wp\/v2\/pages\/4308","targetHints":{"allow":["GET"]}}],"collection":[{"href":"https:\/\/quierememucho.com.mx\/en\/wp-json\/wp\/v2\/pages"}],"about":[{"href":"https:\/\/quierememucho.com.mx\/en\/wp-json\/wp\/v2\/types\/page"}],"author":[{"embeddable":true,"href":"https:\/\/quierememucho.com.mx\/en\/wp-json\/wp\/v2\/users\/1"}],"replies":[{"embeddable":true,"href":"https:\/\/quierememucho.com.mx\/en\/wp-json\/wp\/v2\/comments?post=4308"}],"version-history":[{"count":7,"href":"https:\/\/quierememucho.com.mx\/en\/wp-json\/wp\/v2\/pages\/4308\/revisions"}],"predecessor-version":[{"id":5284,"href":"https:\/\/quierememucho.com.mx\/en\/wp-json\/wp\/v2\/pages\/4308\/revisions\/5284"}],"wp:attachment":[{"href":"https:\/\/quierememucho.com.mx\/en\/wp-json\/wp\/v2\/media?parent=4308"}],"curies":[{"name":"wp","href":"https:\/\/api.w.org\/{rel}","templated":true}]}}