{"id":4295,"date":"2025-07-29T19:04:35","date_gmt":"2025-07-30T01:04:35","guid":{"rendered":"https:\/\/quierememucho.com.mx\/fqa\/"},"modified":"2025-09-26T12:56:30","modified_gmt":"2025-09-26T18:56:30","slug":"faq","status":"publish","type":"page","link":"https:\/\/quierememucho.com.mx\/en\/faq\/","title":{"rendered":"FAQ"},"content":{"rendered":"\n\n  <div class=\"banner has-hover has-parallax\" id=\"banner-1198625739\">\n          <div class=\"banner-inner fill\">\n        <div class=\"banner-bg fill\" data-parallax=\"-3\" data-parallax-container=\".banner\" data-parallax-background>\n            <img decoding=\"async\" width=\"1366\" height=\"768\" src=\"https:\/\/quierememucho.com.mx\/wp-content\/uploads\/2025\/07\/Diseno-sin-titulo-60.png\" class=\"bg attachment-original size-original\" alt=\"\" \/>                        <div class=\"overlay\"><\/div>            \n                    <\/div>\n\t\t\n        <div class=\"banner-layers container\">\n            <div class=\"fill banner-link\"><\/div>            \n\n   <div id=\"text-box-609778935\" class=\"text-box banner-layer x50 md-x95 lg-x95 y50 md-y50 lg-y50 res-text\">\n                     <div data-animate=\"fadeInLeft\">           <div class=\"text-box-content text dark\">\n              \n              <div class=\"text-inner text-center\">\n                  \n\n<h3 class=\"alt-font\">Qui\u00e9reme Mucho<\/h3>\n<h1 class=\"uppercase\"><span style=\"font-size: 75%;\"><strong>Preguntas frecuentes sobre mezcal<\/strong><\/span><\/h1>\n<p><span style=\"font-size: 130%;\">Lo esencial del mezcal artesanal: tipos de agave, perfiles de sabor, trazabilidad, proceso y recomendaciones de servicio desde Hacienda Guegorene.<\/span><\/p>\n\n              <\/div>\n           <\/div>\n       <\/div>                     \n<style>\n#text-box-609778935 {\n  width: 80%;\n}\n#text-box-609778935 .text-box-content {\n  font-size: 100%;\n}\n@media (min-width:550px) {\n  #text-box-609778935 {\n    width: 49%;\n  }\n}\n<\/style>\n    <\/div>\n \n\n        <\/div>\n      <\/div>\n\n            \n<style>\n#banner-1198625739 {\n  padding-top: 605px;\n  background-color: rgb(0,0,0);\n}\n#banner-1198625739 .overlay {\n  background-color: rgba(0, 0, 0, 0.552);\n}\n#banner-1198625739 .banner-bg img {\n  object-position: 35% 23%;\n}\n@media (min-width:550px) {\n  #banner-1198625739 {\n    padding-top: 540px;\n  }\n  #banner-1198625739 .overlay {\n    background-color: rgba(0, 0, 0, 0.5);\n  }\n}\n<\/style>\n  <\/div>\n\n\n\n\t<section class=\"section\" id=\"section_205602499\">\n\t\t<div class=\"section-bg fill\" >\n\t\t\t\t\t\t\t\t\t\n\t\t\t\n\n\t\t<\/div>\n\n\t\t\n\n\t\t<div class=\"section-content relative\">\n\t\t\t\n\n<div class=\"row align-center\"  id=\"row-794470654\">\n\n\n\t<div id=\"col-1947722913\" class=\"col medium-10 small-10 large-10\"  >\n\t\t\t\t<div class=\"col-inner text-center\"  >\n\t\t\t\n\t\t\t\n\n\t<div id=\"text-4263056061\" class=\"text #ai-summary\">\n\t\t\n\n<p>Gu\u00eda clara para entender y elegir mezcal: diferencias con tequila, estilos, lectura de etiquetas, sustentabilidad y d\u00f3nde encontrarlo cerca de ti.<\/p>\n\t\t\n<style>\n#text-4263056061 {\n  color: rgb(0,0,0);\n}\n#text-4263056061 > * {\n  color: rgb(0,0,0);\n}\n<\/style>\n\t<\/div>\n\t\n<h3 class=\"accordion_title\">Gu\u00eda de preguntas sobre mezcal<\/h3><div class=\"accordion\">\n\n\t<div id=\"accordion-1362786881\" class=\"accordion-item\">\n\t\t<a id=\"accordion-1362786881-label\" class=\"accordion-title plain\" href=\"#accordion-item-\u00bfqu\u00e9-es-el-mezcal-artesanal-y-c\u00f3mo-lo-hacemos-en-qui\u00e9reme-mucho?\" aria-expanded=\"false\" aria-controls=\"accordion-1362786881-content\">\n\t\t\t<button class=\"toggle\" aria-label=\"Toggle\"><i class=\"icon-angle-down\" aria-hidden=\"true\"><\/i><\/button>\n\t\t\t<span>\u00bfQu\u00e9 es el mezcal artesanal y c\u00f3mo lo hacemos en Qui\u00e9reme Mucho?<\/span>\n\t\t<\/a>\n\t\t<div id=\"accordion-1362786881-content\" class=\"accordion-inner\" aria-labelledby=\"accordion-1362786881-label\">\n\t\t\t\n\n<p style=\"text-align: left;\">El mezcal artesanal respeta los oficios: cocci\u00f3n en horno de piedra, molienda tradicional, fermentaci\u00f3n natural y destilaci\u00f3n en cobre. En Taviche elaboramos lotes peque\u00f1os y presentamos cada botella como una obra pintada y firmada por su autora o autor.<\/p>\n\n\t\t<\/div>\n\t<\/div>\n\t\n\t<div id=\"accordion-217991165\" class=\"accordion-item\">\n\t\t<a id=\"accordion-217991165-label\" class=\"accordion-title plain\" href=\"#accordion-item-\u00bfen-qu\u00e9-se-diferencia-el-mezcal-del-tequila?\" aria-expanded=\"false\" aria-controls=\"accordion-217991165-content\">\n\t\t\t<button class=\"toggle\" aria-label=\"Toggle\"><i class=\"icon-angle-down\" aria-hidden=\"true\"><\/i><\/button>\n\t\t\t<span>\u00bfEn qu\u00e9 se diferencia el mezcal del tequila?<\/span>\n\t\t<\/a>\n\t\t<div id=\"accordion-217991165-content\" class=\"accordion-inner\" aria-labelledby=\"accordion-217991165-label\">\n\t\t\t\n\n<p style=\"text-align: left;\">El tequila usa una sola especie (<em data-start=\"960\" data-end=\"977\">Agave tequilana<\/em>) y procesos m\u00e1s estandarizados. El mezcal puede provenir de diversas especies y tradicionalmente se cuece en hornos de piedra, lo que abre un abanico de perfiles arom\u00e1ticos.<\/p>\n\n\t\t<\/div>\n\t<\/div>\n\t\n\t<div id=\"accordion-4283566978\" class=\"accordion-item\">\n\t\t<a id=\"accordion-4283566978-label\" class=\"accordion-title plain\" href=\"#accordion-item-\u00bfc\u00f3mo-elijo-un-mezcal-seg\u00fan-el-agave?\" aria-expanded=\"false\" aria-controls=\"accordion-4283566978-content\">\n\t\t\t<button class=\"toggle\" aria-label=\"Toggle\"><i class=\"icon-angle-down\" aria-hidden=\"true\"><\/i><\/button>\n\t\t\t<span>\u00bfC\u00f3mo elijo un mezcal seg\u00fan el agave?<\/span>\n\t\t<\/a>\n\t\t<div id=\"accordion-4283566978-content\" class=\"accordion-inner\" aria-labelledby=\"accordion-4283566978-label\">\n\t\t\t\n\n<p style=\"text-align: left;\">Piensa en sabor e intensidad: <strong data-start=\"1292\" data-end=\"1303\">Espad\u00edn<\/strong> (equilibrado, vers\u00e1til) \u2192 <strong data-start=\"1330\" data-end=\"1361\"><a class=\"cursor-pointer\" rel=\"noopener\" data-start=\"1332\" data-end=\"1359\">Espad\u00edn<\/a><\/strong>. <strong data-start=\"1363\" data-end=\"1373\">Tobal\u00e1<\/strong> (floral\u2011mineral) \u2192 <strong data-start=\"1393\" data-end=\"1422\"><a class=\"cursor-pointer\" rel=\"noopener\" data-start=\"1395\" data-end=\"1420\">Tobal\u00e1<\/a><\/strong>. <strong data-start=\"1424\" data-end=\"1434\">Cuishe<\/strong> (seco\u2011especiado, mineral) \u2192 <strong data-start=\"1463\" data-end=\"1492\"><a class=\"cursor-pointer\" rel=\"noopener\" data-start=\"1465\" data-end=\"1490\">Cuishe<\/a><\/strong>. <strong data-start=\"1494\" data-end=\"1504\">Jabal\u00ed<\/strong> (potente, profundo) \u2192 <strong data-start=\"1527\" data-end=\"1556\"><a class=\"cursor-pointer\" rel=\"noopener\" data-start=\"1529\" data-end=\"1554\">Jabal\u00ed<\/a><\/strong>.<\/p>\n\n\t\t<\/div>\n\t<\/div>\n\t\n\t<div id=\"accordion-1973614597\" class=\"accordion-item\">\n\t\t<a id=\"accordion-1973614597-label\" class=\"accordion-title plain\" href=\"#accordion-item-\u00bfqu\u00e9-diferencia-hay-en-sabor-entre-espad\u00edn,-tobal\u00e1,-cuishe-y-jabal\u00ed?\" aria-expanded=\"false\" aria-controls=\"accordion-1973614597-content\">\n\t\t\t<button class=\"toggle\" aria-label=\"Toggle\"><i class=\"icon-angle-down\" aria-hidden=\"true\"><\/i><\/button>\n\t\t\t<span>\u00bfQu\u00e9 diferencia hay en sabor entre Espad\u00edn, Tobal\u00e1, Cuishe y Jabal\u00ed?<\/span>\n\t\t<\/a>\n\t\t<div id=\"accordion-1973614597-content\" class=\"accordion-inner\" aria-labelledby=\"accordion-1973614597-label\">\n\t\t\t\n\n<p style=\"text-align: left;\">En general: Espad\u00edn es herbal\u2011c\u00edtrico; Tobal\u00e1, floral\u2011mineral y elegante; Cuishe, seco\u2011especiado con mineralidad; Jabal\u00ed, intenso y largo en boca.<\/p>\n\n\t\t<\/div>\n\t<\/div>\n\t\n\t<div id=\"accordion-4029579341\" class=\"accordion-item\">\n\t\t<a id=\"accordion-4029579341-label\" class=\"accordion-title plain\" href=\"#accordion-item-\u00bfqu\u00e9-significa-\u201cmezcal-joven\u201d-y-por-qu\u00e9-solo-lo-usamos-para-espad\u00edn?\" aria-expanded=\"false\" aria-controls=\"accordion-4029579341-content\">\n\t\t\t<button class=\"toggle\" aria-label=\"Toggle\"><i class=\"icon-angle-down\" aria-hidden=\"true\"><\/i><\/button>\n\t\t\t<span>\u00bfQu\u00e9 significa \u201cmezcal joven\u201d y por qu\u00e9 solo lo usamos para Espad\u00edn?<\/span>\n\t\t<\/a>\n\t\t<div id=\"accordion-4029579341-content\" class=\"accordion-inner\" aria-labelledby=\"accordion-4029579341-label\">\n\t\t\t\n\n<p style=\"text-align: left;\">\u201cJoven\u201d indica que no pas\u00f3 por barrica. En Qui\u00e9reme Mucho usamos esa clase <strong data-start=\"2101\" data-end=\"2109\">solo<\/strong> para Espad\u00edn por coherencia con su estilo y lotes; el resto se comunica como <strong data-start=\"2187\" data-end=\"2218\">mezcal [variedad] artesanal<\/strong>.<\/p>\n\n\t\t<\/div>\n\t<\/div>\n\t\n\t<div id=\"accordion-3377550177\" class=\"accordion-item\">\n\t\t<a id=\"accordion-3377550177-label\" class=\"accordion-title plain\" href=\"#accordion-item-\u00bfc\u00f3mo-reconozco-un-mezcal-aut\u00e9ntico-en-la-etiqueta?\" aria-expanded=\"false\" aria-controls=\"accordion-3377550177-content\">\n\t\t\t<button class=\"toggle\" aria-label=\"Toggle\"><i class=\"icon-angle-down\" aria-hidden=\"true\"><\/i><\/button>\n\t\t\t<span>\u00bfC\u00f3mo reconozco un mezcal aut\u00e9ntico en la etiqueta?<\/span>\n\t\t<\/a>\n\t\t<div id=\"accordion-3377550177-content\" class=\"accordion-inner\" aria-labelledby=\"accordion-3377550177-label\">\n\t\t\t\n\n<p style=\"text-align: left;\">Busca variedad de agave, regi\u00f3n de producci\u00f3n y n\u00famero de lote. Esa trazabilidad tambi\u00e9n la mostramos en nuestras fichas.<\/p>\n\n\t\t<\/div>\n\t<\/div>\n\t\n\t<div id=\"accordion-2430136900\" class=\"accordion-item\">\n\t\t<a id=\"accordion-2430136900-label\" class=\"accordion-title plain\" href=\"#accordion-item-\u00bfc\u00f3mo-se-recomienda-tomar-el-mezcal?-\u00bfsolo-o-en-cocteler\u00eda?\" aria-expanded=\"false\" aria-controls=\"accordion-2430136900-content\">\n\t\t\t<button class=\"toggle\" aria-label=\"Toggle\"><i class=\"icon-angle-down\" aria-hidden=\"true\"><\/i><\/button>\n\t\t\t<span>\u00bfC\u00f3mo se recomienda tomar el mezcal? \u00bfSolo o en cocteler\u00eda?<\/span>\n\t\t<\/a>\n\t\t<div id=\"accordion-2430136900-content\" class=\"accordion-inner\" aria-labelledby=\"accordion-2430136900-label\">\n\t\t\t\n\n<p style=\"text-align: left;\">Tradicionalmente, <strong data-start=\"2820\" data-end=\"2853\">solo y a temperatura ambiente<\/strong>, en peque\u00f1os sorbos para abrir aromas. Tambi\u00e9n brilla en cocteler\u00eda si respetas su perfil.<\/p>\n\n\t\t<\/div>\n\t<\/div>\n\t\n\t<div id=\"accordion-1784156220\" class=\"accordion-item\">\n\t\t<a id=\"accordion-1784156220-label\" class=\"accordion-title plain\" href=\"#accordion-item-\u00bfel-mezcal-lleva-gusano?\" aria-expanded=\"false\" aria-controls=\"accordion-1784156220-content\">\n\t\t\t<button class=\"toggle\" aria-label=\"Toggle\"><i class=\"icon-angle-down\" aria-hidden=\"true\"><\/i><\/button>\n\t\t\t<span>\u00bfEl mezcal lleva gusano?<\/span>\n\t\t<\/a>\n\t\t<div id=\"accordion-1784156220-content\" class=\"accordion-inner\" aria-labelledby=\"accordion-1784156220-label\">\n\t\t\t\n\n<p style=\"text-align: left;\">Algunas etiquetas lo incluyen como \u201cabocado con\u201d, pero no es obligatorio ni sin\u00f3nimo de calidad. En Qui\u00e9reme Mucho priorizamos el agave en estado puro.<\/p>\n\n\t\t<\/div>\n\t<\/div>\n\t\n\t<div id=\"accordion-1732232791\" class=\"accordion-item\">\n\t\t<a id=\"accordion-1732232791-label\" class=\"accordion-title plain\" href=\"#accordion-item-\u00bfcu\u00e1ntos-grados-de-alcohol-tiene-el-mezcal?\" aria-expanded=\"false\" aria-controls=\"accordion-1732232791-content\">\n\t\t\t<button class=\"toggle\" aria-label=\"Toggle\"><i class=\"icon-angle-down\" aria-hidden=\"true\"><\/i><\/button>\n\t\t\t<span>\u00bfCu\u00e1ntos grados de alcohol tiene el mezcal?<\/span>\n\t\t<\/a>\n\t\t<div id=\"accordion-1732232791-content\" class=\"accordion-inner\" aria-labelledby=\"accordion-1732232791-label\">\n\t\t\t\n\n<p style=\"text-align: left;\">El mezcal comercial se embotella en un rango amplio seg\u00fan el estilo y el lote. Nosotros ajustamos cada expresi\u00f3n para equilibrar aroma y estructura, y lo indicamos en la ficha correspondiente.<\/p>\n\n\t\t<\/div>\n\t<\/div>\n\t\n\t<div id=\"accordion-1529081692\" class=\"accordion-item\">\n\t\t<a id=\"accordion-1529081692-label\" class=\"accordion-title plain\" href=\"#accordion-item-\u00bfc\u00f3mo-conservo-una-botella-de-mezcal-una-vez-abierta?\" aria-expanded=\"false\" aria-controls=\"accordion-1529081692-content\">\n\t\t\t<button class=\"toggle\" aria-label=\"Toggle\"><i class=\"icon-angle-down\" aria-hidden=\"true\"><\/i><\/button>\n\t\t\t<span>\u00bfC\u00f3mo conservo una botella de mezcal una vez abierta?<\/span>\n\t\t<\/a>\n\t\t<div id=\"accordion-1529081692-content\" class=\"accordion-inner\" aria-labelledby=\"accordion-1529081692-label\">\n\t\t\t\n\n<p style=\"text-align: left;\">Gu\u00e1rdala <strong data-start=\"3621\" data-end=\"3676\">vertical, bien sellada, en un lugar fresco y oscuro<\/strong>. Evita cambios bruscos de temperatura; as\u00ed preservas aromas y textura por m\u00e1s tiempo.<\/p>\n\n\t\t<\/div>\n\t<\/div>\n\t\n\t<div id=\"accordion-1866284009\" class=\"accordion-item\">\n\t\t<a id=\"accordion-1866284009-label\" class=\"accordion-title plain\" href=\"#accordion-item-\u00bfqu\u00e9-hace-diferente-a-qui\u00e9reme-mucho?\" aria-expanded=\"false\" aria-controls=\"accordion-1866284009-content\">\n\t\t\t<button class=\"toggle\" aria-label=\"Toggle\"><i class=\"icon-angle-down\" aria-hidden=\"true\"><\/i><\/button>\n\t\t\t<span>\u00bfQu\u00e9 hace diferente a Qui\u00e9reme Mucho?<\/span>\n\t\t<\/a>\n\t\t<div id=\"accordion-1866284009-content\" class=\"accordion-inner\" aria-labelledby=\"accordion-1866284009-label\">\n\t\t\t\n\n<p style=\"text-align: left;\">Origen en <strong data-start=\"3880\" data-end=\"3902\">Hacienda Guegorene<\/strong>, arte sobre vidrio <strong data-start=\"3922\" data-end=\"3950\">pintado a mano y firmado<\/strong>, manejo responsable del ecosistema y un portafolio por agave. Adem\u00e1s, la marca obtuvo <strong data-start=\"4037\" data-end=\"4075\">11 medallas internacionales (2017)<\/strong>, un hito \u00fanico en su categor\u00eda.<\/p>\n\n\t\t<\/div>\n\t<\/div>\n\t\n\t<div id=\"accordion-1239119221\" class=\"accordion-item\">\n\t\t<a id=\"accordion-1239119221-label\" class=\"accordion-title plain\" href=\"#accordion-item-\u00bfpor-qu\u00e9-el-jabal\u00ed-puede-involucrar-un-proceso-de-hasta-40-a\u00f1os?\" aria-expanded=\"false\" aria-controls=\"accordion-1239119221-content\">\n\t\t\t<button class=\"toggle\" aria-label=\"Toggle\"><i class=\"icon-angle-down\" aria-hidden=\"true\"><\/i><\/button>\n\t\t\t<span>\u00bfPor qu\u00e9 el Jabal\u00ed puede involucrar un proceso de hasta 40 a\u00f1os?<\/span>\n\t\t<\/a>\n\t\t<div id=\"accordion-1239119221-content\" class=\"accordion-inner\" aria-labelledby=\"accordion-1239119221-label\">\n\t\t\t\n\n<p style=\"text-align: left;\">Porque considera el tiempo de vida del agave en la sierra hasta su aprovechamiento, m\u00e1s la elaboraci\u00f3n artesanal y el reposo previo al envasado. No implica a\u00f1ejamiento prolongado en barrica.<\/p>\n\n\t\t<\/div>\n\t<\/div>\n\t\n\t<div id=\"accordion-3069905963\" class=\"accordion-item\">\n\t\t<a id=\"accordion-3069905963-label\" class=\"accordion-title plain\" href=\"#accordion-item-\u00bfofrecen-\u201cmezcal-de-sabores\u201d?\" aria-expanded=\"false\" aria-controls=\"accordion-3069905963-content\">\n\t\t\t<button class=\"toggle\" aria-label=\"Toggle\"><i class=\"icon-angle-down\" aria-hidden=\"true\"><\/i><\/button>\n\t\t\t<span>\u00bfOfrecen \u201cmezcal de sabores\u201d?<\/span>\n\t\t<\/a>\n\t\t<div id=\"accordion-3069905963-content\" class=\"accordion-inner\" aria-labelledby=\"accordion-3069905963-label\">\n\t\t\t\n\n<p style=\"text-align: left;\">No saborizamos el mezcal: defendemos el car\u00e1cter del agave. Si buscas combinaciones, proponemos recetas donde el mezcal dialogue con ingredientes frescos.<\/p>\n\n\t\t<\/div>\n\t<\/div>\n\t\n\n<\/div>\n\n\t\t<\/div>\n\t\t\t\t\t<\/div>\n\n\t\n\n<\/div>\n\n\t\t<\/div>\n\n\t\t\n<style>\n#section_205602499 {\n  padding-top: 60px;\n  padding-bottom: 60px;\n  min-height: 300px;\n  background-color: rgb(255,255,255);\n}\n<\/style>\n\t<\/section>\n\t\n\n<p><\/p>\n","protected":false},"excerpt":{"rendered":"","protected":false},"author":1,"featured_media":0,"parent":0,"menu_order":0,"comment_status":"closed","ping_status":"closed","template":"page-transparent-header.php","meta":{"footnotes":""},"class_list":["post-4295","page","type-page","status-publish","hentry"],"jetpack_sharing_enabled":true,"_links":{"self":[{"href":"https:\/\/quierememucho.com.mx\/en\/wp-json\/wp\/v2\/pages\/4295","targetHints":{"allow":["GET"]}}],"collection":[{"href":"https:\/\/quierememucho.com.mx\/en\/wp-json\/wp\/v2\/pages"}],"about":[{"href":"https:\/\/quierememucho.com.mx\/en\/wp-json\/wp\/v2\/types\/page"}],"author":[{"embeddable":true,"href":"https:\/\/quierememucho.com.mx\/en\/wp-json\/wp\/v2\/users\/1"}],"replies":[{"embeddable":true,"href":"https:\/\/quierememucho.com.mx\/en\/wp-json\/wp\/v2\/comments?post=4295"}],"version-history":[{"count":5,"href":"https:\/\/quierememucho.com.mx\/en\/wp-json\/wp\/v2\/pages\/4295\/revisions"}],"predecessor-version":[{"id":4605,"href":"https:\/\/quierememucho.com.mx\/en\/wp-json\/wp\/v2\/pages\/4295\/revisions\/4605"}],"wp:attachment":[{"href":"https:\/\/quierememucho.com.mx\/en\/wp-json\/wp\/v2\/media?parent=4295"}],"curies":[{"name":"wp","href":"https:\/\/api.w.org\/{rel}","templated":true}]}}